{"id":564,"date":"2019-12-03T12:25:19","date_gmt":"2019-12-03T12:25:19","guid":{"rendered":"http:\/\/kohlersgts.com\/?page_id=564"},"modified":"2026-03-21T19:36:57","modified_gmt":"2026-03-21T19:36:57","slug":"samarbetspartner","status":"publish","type":"page","link":"https:\/\/kohlersgts.com\/?page_id=564","title":{"rendered":"Samarbetspartner"},"content":{"rendered":"\n<p><a href=\"http:\/\/svensktuppfinnaremuseum.se\/\" data-type=\"URL\" data-id=\"http:\/\/svensktuppfinnaremuseum.se\/\" target=\"_blank\" rel=\"noreferrer noopener\"><strong>Svenskt UppfinnareMuseum<\/strong><\/a><\/p>\n\n\n\n<p><a rel=\"noreferrer noopener\" href=\"http:\/\/www.ekmansentreprenad.se\/\" data-type=\"URL\" data-id=\"http:\/\/www.ekmansentreprenad.se\/\" target=\"_blank\"><strong>Ekmans Entreprenad AB<\/strong><\/a><\/p>\n\n\n\n<p><a rel=\"noreferrer noopener\" href=\"http:\/\/www.abybiltillbehor.se\/\" data-type=\"URL\" data-id=\"http:\/\/www.abybiltillbehor.se\/\" target=\"_blank\"><strong>\u00c5by biltillbeh\u00f6r<\/strong><\/a><\/p>\n\n\n\n<p><strong><a rel=\"noreferrer noopener\" href=\"https:\/\/andrewpeterson.se\/\" data-type=\"URL\" data-id=\"https:\/\/andrewpeterson.se\/\" target=\"_blank\">Andrew Petersons\u00e4llskapet<\/a><\/strong><\/p>\n\n\n\n<p><strong><a href=\"https:\/\/www.academia.edu\/\" data-type=\"link\" data-id=\"https:\/\/www.academia.edu\/\" target=\"_blank\" rel=\"noreferrer noopener\">Academia<\/a><\/strong> <\/p>\n\n\n\n<figure class=\"wp-block-gallery has-nested-images columns-default is-cropped wp-block-gallery-1 is-layout-flex wp-block-gallery-is-layout-flex\">\n<figure class=\"wp-block-image size-large\"><img loading=\"lazy\" decoding=\"async\" width=\"1024\" height=\"683\" data-id=\"769\" src=\"https:\/\/kohlersgts.com\/wp-content\/uploads\/2026\/03\/Samarbetspartner-1024x683.png\" alt=\"\" class=\"wp-image-769\" srcset=\"https:\/\/kohlersgts.com\/wp-content\/uploads\/2026\/03\/Samarbetspartner-1024x683.png 1024w, https:\/\/kohlersgts.com\/wp-content\/uploads\/2026\/03\/Samarbetspartner-300x200.png 300w, https:\/\/kohlersgts.com\/wp-content\/uploads\/2026\/03\/Samarbetspartner-768x512.png 768w, https:\/\/kohlersgts.com\/wp-content\/uploads\/2026\/03\/Samarbetspartner-450x300.png 450w, https:\/\/kohlersgts.com\/wp-content\/uploads\/2026\/03\/Samarbetspartner.png 1536w\" sizes=\"auto, (max-width: 1024px) 100vw, 1024px\" \/><\/figure>\n<\/figure>\n\n\n\n<p><\/p>\n\n\n\n<p><\/p>\n\n\n\n<p><\/p>\n","protected":false},"excerpt":{"rendered":"<p>Svenskt UppfinnareMuseum Ekmans Entreprenad AB \u00c5by biltillbeh\u00f6r Andrew Petersons\u00e4llskapet Academia<\/p>\n","protected":false},"author":1,"featured_media":0,"parent":0,"menu_order":0,"comment_status":"closed","ping_status":"closed","template":"","meta":{"footnotes":""},"class_list":["post-564","page","type-page","status-publish","hentry"],"_links":{"self":[{"href":"https:\/\/kohlersgts.com\/index.php?rest_route=\/wp\/v2\/pages\/564","targetHints":{"allow":["GET"]}}],"collection":[{"href":"https:\/\/kohlersgts.com\/index.php?rest_route=\/wp\/v2\/pages"}],"about":[{"href":"https:\/\/kohlersgts.com\/index.php?rest_route=\/wp\/v2\/types\/page"}],"author":[{"embeddable":true,"href":"https:\/\/kohlersgts.com\/index.php?rest_route=\/wp\/v2\/users\/1"}],"replies":[{"embeddable":true,"href":"https:\/\/kohlersgts.com\/index.php?rest_route=%2Fwp%2Fv2%2Fcomments&post=564"}],"version-history":[{"count":28,"href":"https:\/\/kohlersgts.com\/index.php?rest_route=\/wp\/v2\/pages\/564\/revisions"}],"predecessor-version":[{"id":771,"href":"https:\/\/kohlersgts.com\/index.php?rest_route=\/wp\/v2\/pages\/564\/revisions\/771"}],"wp:attachment":[{"href":"https:\/\/kohlersgts.com\/index.php?rest_route=%2Fwp%2Fv2%2Fmedia&parent=564"}],"curies":[{"name":"wp","href":"https:\/\/api.w.org\/{rel}","templated":true}]}}