{"id":522,"date":"2019-12-03T11:12:01","date_gmt":"2019-12-03T11:12:01","guid":{"rendered":"http:\/\/kohlersgts.com\/?page_id=522"},"modified":"2019-12-03T12:24:40","modified_gmt":"2019-12-03T12:24:40","slug":"service-och-reparation-av-bilar","status":"publish","type":"page","link":"https:\/\/kohlersgts.com\/?page_id=522","title":{"rendered":"Service och reparation"},"content":{"rendered":"\n<figure class=\"wp-block-image is-resized\"><img loading=\"lazy\" decoding=\"async\" src=\"http:\/\/media.kohlersgts.com\/2019\/12\/IMG_8364-1024x683.jpg\" alt=\"\" class=\"wp-image-537\" width=\"267\" height=\"180\"\/><\/figure>\n\n\n\n<h2 class=\"wp-block-heading\">Service och reparation av bilar samt \u00e4ven gr\u00e4sklippare och andra sm\u00e5motorer<\/h2>\n\n\n\n<p>Jag h\u00e4mtar, reparerar och l\u00e4mnar sedan tillbaka din bil p\u00e5 plats igen, vilket inneb\u00e4r att du som kund slipper spilla on\u00f6dig tid p\u00e5 att l\u00e4mna in bilen sj\u00e4lv. Jag innehar \u00e4ven st\u00e4mpel f\u00f6r serviceboken vilket h\u00f6jer v\u00e4rdet p\u00e5 din bil. <\/p>\n\n\n\n<p><strong>H\u00f6r av dig om du beh\u00f6ver min hj\u00e4lp \u2013  N\u00f6jda kunder \u00e4r A och O f\u00f6r mig. <\/strong> <\/p>\n\n\n\n<p><br><\/p>\n","protected":false},"excerpt":{"rendered":"<p>Service och reparation av bilar samt \u00e4ven gr\u00e4sklippare och andra sm\u00e5motorer Jag h\u00e4mtar, reparerar och l\u00e4mnar sedan tillbaka din bil p\u00e5 plats igen, vilket inneb\u00e4r att du som kund slipper spilla on\u00f6dig tid p\u00e5 att l\u00e4mna in bilen sj\u00e4lv. Jag &hellip; <a href=\"https:\/\/kohlersgts.com\/?page_id=522\">L\u00e4s mer <span class=\"meta-nav\">&rarr;<\/span><\/a><\/p>\n","protected":false},"author":1,"featured_media":0,"parent":0,"menu_order":0,"comment_status":"closed","ping_status":"closed","template":"","meta":{"footnotes":""},"class_list":["post-522","page","type-page","status-publish","hentry"],"_links":{"self":[{"href":"https:\/\/kohlersgts.com\/index.php?rest_route=\/wp\/v2\/pages\/522","targetHints":{"allow":["GET"]}}],"collection":[{"href":"https:\/\/kohlersgts.com\/index.php?rest_route=\/wp\/v2\/pages"}],"about":[{"href":"https:\/\/kohlersgts.com\/index.php?rest_route=\/wp\/v2\/types\/page"}],"author":[{"embeddable":true,"href":"https:\/\/kohlersgts.com\/index.php?rest_route=\/wp\/v2\/users\/1"}],"replies":[{"embeddable":true,"href":"https:\/\/kohlersgts.com\/index.php?rest_route=%2Fwp%2Fv2%2Fcomments&post=522"}],"version-history":[{"count":16,"href":"https:\/\/kohlersgts.com\/index.php?rest_route=\/wp\/v2\/pages\/522\/revisions"}],"predecessor-version":[{"id":563,"href":"https:\/\/kohlersgts.com\/index.php?rest_route=\/wp\/v2\/pages\/522\/revisions\/563"}],"wp:attachment":[{"href":"https:\/\/kohlersgts.com\/index.php?rest_route=%2Fwp%2Fv2%2Fmedia&parent=522"}],"curies":[{"name":"wp","href":"https:\/\/api.w.org\/{rel}","templated":true}]}}