{"id":510,"date":"2019-12-03T10:43:55","date_gmt":"2019-12-03T10:43:55","guid":{"rendered":"http:\/\/kohlersgts.com\/?page_id=510"},"modified":"2021-03-16T13:23:05","modified_gmt":"2021-03-16T13:23:05","slug":"slaktforskning","status":"publish","type":"page","link":"https:\/\/kohlersgts.com\/?page_id=510","title":{"rendered":"Tj\u00e4nster inom \u00e5keribranschen"},"content":{"rendered":"\n<p>Jag innehar BE CE kort samt YKB och f\u00f6rarkort, men \u00e4ven f\u00f6rarbevis p\u00e5 bandtraktor och lastmaskin. Utf\u00f6r \u00e4ven k\u00f6rning av nya och begagnade lastbilschassin f\u00f6r p\u00e5byggnad och leverans.<\/p>\n\n\n\n<p>Jag tar emot uppdrag i \u00c5by\/Norrk\u00f6pingsomr\u00e5det med omnejd. Innehar F-skatt och kan d\u00e4rf\u00f6r fakturera, vilket underl\u00e4ttar betydligt f\u00f6r dig som k\u00f6pare. Kontakta mig vid behov. Ring: 011-671 77 eller 0737-15 79 52<\/p>\n\n\n\n<figure class=\"wp-block-image size-large\"><img loading=\"lazy\" decoding=\"async\" width=\"619\" height=\"408\" src=\"https:\/\/kohlersgts.com\/wp-content\/uploads\/2021\/03\/Handslag.png\" alt=\"\" class=\"wp-image-703\" srcset=\"https:\/\/kohlersgts.com\/wp-content\/uploads\/2021\/03\/Handslag.png 619w, https:\/\/kohlersgts.com\/wp-content\/uploads\/2021\/03\/Handslag-300x198.png 300w, https:\/\/kohlersgts.com\/wp-content\/uploads\/2021\/03\/Handslag-455x300.png 455w\" sizes=\"auto, (max-width: 619px) 100vw, 619px\" \/><\/figure>\n","protected":false},"excerpt":{"rendered":"<p>Jag innehar BE CE kort samt YKB och f\u00f6rarkort, men \u00e4ven f\u00f6rarbevis p\u00e5 bandtraktor och lastmaskin. Utf\u00f6r \u00e4ven k\u00f6rning av nya och begagnade lastbilschassin f\u00f6r p\u00e5byggnad och leverans. Jag tar emot uppdrag i \u00c5by\/Norrk\u00f6pingsomr\u00e5det med omnejd. Innehar F-skatt och kan &hellip; <a href=\"https:\/\/kohlersgts.com\/?page_id=510\">L\u00e4s mer <span class=\"meta-nav\">&rarr;<\/span><\/a><\/p>\n","protected":false},"author":1,"featured_media":0,"parent":0,"menu_order":0,"comment_status":"closed","ping_status":"closed","template":"","meta":{"footnotes":""},"class_list":["post-510","page","type-page","status-publish","hentry"],"_links":{"self":[{"href":"https:\/\/kohlersgts.com\/index.php?rest_route=\/wp\/v2\/pages\/510","targetHints":{"allow":["GET"]}}],"collection":[{"href":"https:\/\/kohlersgts.com\/index.php?rest_route=\/wp\/v2\/pages"}],"about":[{"href":"https:\/\/kohlersgts.com\/index.php?rest_route=\/wp\/v2\/types\/page"}],"author":[{"embeddable":true,"href":"https:\/\/kohlersgts.com\/index.php?rest_route=\/wp\/v2\/users\/1"}],"replies":[{"embeddable":true,"href":"https:\/\/kohlersgts.com\/index.php?rest_route=%2Fwp%2Fv2%2Fcomments&post=510"}],"version-history":[{"count":17,"href":"https:\/\/kohlersgts.com\/index.php?rest_route=\/wp\/v2\/pages\/510\/revisions"}],"predecessor-version":[{"id":705,"href":"https:\/\/kohlersgts.com\/index.php?rest_route=\/wp\/v2\/pages\/510\/revisions\/705"}],"wp:attachment":[{"href":"https:\/\/kohlersgts.com\/index.php?rest_route=%2Fwp%2Fv2%2Fmedia&parent=510"}],"curies":[{"name":"wp","href":"https:\/\/api.w.org\/{rel}","templated":true}]}}