{"id":409,"date":"2014-04-03T16:59:32","date_gmt":"2014-04-03T16:59:32","guid":{"rendered":"http:\/\/kohlersgts.com\/?page_id=409"},"modified":"2017-11-11T10:17:19","modified_gmt":"2017-11-11T10:17:19","slug":"penningvardet-da-och-nu","status":"publish","type":"page","link":"https:\/\/kohlersgts.com\/?page_id=409","title":{"rendered":"Penningv\u00e4rdet d\u00e5 och nu"},"content":{"rendered":"<p>Rodney Edvinsson, Johan S\u00f6derberg och Lars O. Lagerqvist har utarbetat en r\u00e4knetabell fr\u00e5n \u00e5r 1290-2100.\u00a0Prisomr\u00e4knaren finner du <a href=\"http:\/\/www.historia.se\/Jamforelsepris.htm\" target=\"_blank\">h\u00e4r<\/a><\/p>\n<p>H\u00e4r kommer \u00e4ven lite information om de gamla myntsorterna. <a href=\"http:\/\/www.hhogman.se\/myntsystemet.htm\" target=\"_blank\">L\u00e4nk<\/a><\/p>\n<p>&nbsp;<\/p>\n","protected":false},"excerpt":{"rendered":"<p>Rodney Edvinsson, Johan S\u00f6derberg och Lars O. Lagerqvist har utarbetat en r\u00e4knetabell fr\u00e5n \u00e5r 1290-2100.\u00a0Prisomr\u00e4knaren finner du h\u00e4r H\u00e4r kommer \u00e4ven lite information om de gamla myntsorterna. L\u00e4nk &nbsp;<\/p>\n","protected":false},"author":1,"featured_media":0,"parent":0,"menu_order":5,"comment_status":"closed","ping_status":"open","template":"","meta":{"footnotes":""},"class_list":["post-409","page","type-page","status-publish","hentry"],"_links":{"self":[{"href":"https:\/\/kohlersgts.com\/index.php?rest_route=\/wp\/v2\/pages\/409","targetHints":{"allow":["GET"]}}],"collection":[{"href":"https:\/\/kohlersgts.com\/index.php?rest_route=\/wp\/v2\/pages"}],"about":[{"href":"https:\/\/kohlersgts.com\/index.php?rest_route=\/wp\/v2\/types\/page"}],"author":[{"embeddable":true,"href":"https:\/\/kohlersgts.com\/index.php?rest_route=\/wp\/v2\/users\/1"}],"replies":[{"embeddable":true,"href":"https:\/\/kohlersgts.com\/index.php?rest_route=%2Fwp%2Fv2%2Fcomments&post=409"}],"version-history":[{"count":3,"href":"https:\/\/kohlersgts.com\/index.php?rest_route=\/wp\/v2\/pages\/409\/revisions"}],"predecessor-version":[{"id":459,"href":"https:\/\/kohlersgts.com\/index.php?rest_route=\/wp\/v2\/pages\/409\/revisions\/459"}],"wp:attachment":[{"href":"https:\/\/kohlersgts.com\/index.php?rest_route=%2Fwp%2Fv2%2Fmedia&parent=409"}],"curies":[{"name":"wp","href":"https:\/\/api.w.org\/{rel}","templated":true}]}}