{"id":2,"date":"2013-12-13T13:24:49","date_gmt":"2013-12-13T13:24:49","guid":{"rendered":"http:\/\/kohlersgts.com\/?page_id=2"},"modified":"2021-03-16T14:08:20","modified_gmt":"2021-03-16T14:08:20","slug":"sample-page","status":"publish","type":"page","link":"https:\/\/kohlersgts.com\/?page_id=2","title":{"rendered":"Tj\u00e4nster"},"content":{"rendered":"<p>Vi hj\u00e4lper Dig med all typ av sl\u00e4ktforskning och vi arrangerar \u00e4ven efterforskningar i b\u00e5de Sverige och USA som leder till att m\u00e4nniskor kan \u00e5terf\u00f6renas med sina sl\u00e4ktingar, s\u00e5 kallade &#8221;family runions&#8221;.<\/p>\n<p>Vi kan ordna en f\u00f6r dig speciell CD-rom, inneh\u00e5llande bilder fr\u00e5n dina sl\u00e4ktingars hemtrakter. Det kan till exempel vara landskapsbilder och bilder fr\u00e5n kyrkan d\u00e4r dina sl\u00e4ktingar d\u00f6ptes, kanske vigdes. Dina egna \u00f6nskem\u00e5l styr vilka bilder skivan ska inneh\u00e5lla. Vi kan \u00e4ven hj\u00e4lpa till att ordna fram och skicka h\u00f6gkvalitativa traditionella hantverk, specifika fr\u00e5n den trakt d\u00e4r dina sl\u00e4ktingar h\u00e4rstammar ifr\u00e5n.<\/p>\n<p>Vi hj\u00e4lper till med att sp\u00e5ra m\u00e4nniskor i samband med arvskiften eller med att hitta en f\u00f6rlorad v\u00e4n.<\/p>\n<p>Vi erbjuder hj\u00e4lp med planering av resrutter i Sverige och USA.<\/p>\n<p>Allt du beh\u00f6ver g\u00f6ra \u00e4r att kontakta oss och vi kommer att g\u00f6ra allt f\u00f6r att uppfylla dina \u00f6nskem\u00e5l!<\/p>\n<p>Professor Don Johanson \u00e4r en av de som kontaktat Anders K\u00f6hlerf\u00f6r att f\u00e5 hj\u00e4lp med att sp\u00e5ra sina r\u00f6tter i Sverige.<\/p>\n<p>Du kan l\u00e4sa mer om det <a href=\"https:\/\/kohlersgts.com\/?p=195\" target=\"_blank\" rel=\"noopener\">h\u00e4r<\/a>.<\/p>\n\n\n<figure class=\"wp-block-image size-large\"><img decoding=\"async\" src=\"https:\/\/kohlersgts.com\/wp-content\/uploads\/2021\/03\/Tjanster-Don-och-Anders.jpg\" alt=\"\"\/><\/figure>\n","protected":false},"excerpt":{"rendered":"<p>Vi hj\u00e4lper Dig med all typ av sl\u00e4ktforskning och vi arrangerar \u00e4ven efterforskningar i b\u00e5de Sverige och USA som leder till att m\u00e4nniskor kan \u00e5terf\u00f6renas med sina sl\u00e4ktingar, s\u00e5 kallade &#8221;family runions&#8221;. Vi kan ordna en f\u00f6r dig speciell CD-rom, &hellip; <a href=\"https:\/\/kohlersgts.com\/?page_id=2\">L\u00e4s mer <span class=\"meta-nav\">&rarr;<\/span><\/a><\/p>\n","protected":false},"author":1,"featured_media":0,"parent":0,"menu_order":3,"comment_status":"closed","ping_status":"closed","template":"","meta":{"footnotes":""},"class_list":["post-2","page","type-page","status-publish","hentry"],"_links":{"self":[{"href":"https:\/\/kohlersgts.com\/index.php?rest_route=\/wp\/v2\/pages\/2","targetHints":{"allow":["GET"]}}],"collection":[{"href":"https:\/\/kohlersgts.com\/index.php?rest_route=\/wp\/v2\/pages"}],"about":[{"href":"https:\/\/kohlersgts.com\/index.php?rest_route=\/wp\/v2\/types\/page"}],"author":[{"embeddable":true,"href":"https:\/\/kohlersgts.com\/index.php?rest_route=\/wp\/v2\/users\/1"}],"replies":[{"embeddable":true,"href":"https:\/\/kohlersgts.com\/index.php?rest_route=%2Fwp%2Fv2%2Fcomments&post=2"}],"version-history":[{"count":13,"href":"https:\/\/kohlersgts.com\/index.php?rest_route=\/wp\/v2\/pages\/2\/revisions"}],"predecessor-version":[{"id":718,"href":"https:\/\/kohlersgts.com\/index.php?rest_route=\/wp\/v2\/pages\/2\/revisions\/718"}],"wp:attachment":[{"href":"https:\/\/kohlersgts.com\/index.php?rest_route=%2Fwp%2Fv2%2Fmedia&parent=2"}],"curies":[{"name":"wp","href":"https:\/\/api.w.org\/{rel}","templated":true}]}}