{"id":195,"date":"2013-12-13T22:48:34","date_gmt":"2013-12-13T22:48:34","guid":{"rendered":"http:\/\/kohlersgts.com\/?page_id=195"},"modified":"2014-02-03T19:16:17","modified_gmt":"2014-02-03T19:16:17","slug":"don-johanson-berattar","status":"publish","type":"page","link":"https:\/\/kohlersgts.com\/?page_id=195","title":{"rendered":"Don Johanson"},"content":{"rendered":"<p><span style=\"font-size: 16px;\">Jag \u00e4r son till svenska immigranter, har en farbror som var olympisk guldmedalj\u00f6r (Ivar Johansson). Sj\u00e4lvklart har jag sedan l\u00e5ngt tillbaka varit intresserad av att f\u00e5 veta mer om mina svenska f\u00f6rf\u00e4der. F\u00f6r n\u00e5gra \u00e5r sedan blev dr\u00f6mmen verklighet. Jag fick kontakt med Anders K\u00f6hler, som kunde hj\u00e4lpa mig att sp\u00e5ra mina sl\u00e4ktingar och mitt ursprung.<\/span><\/p>\n<p>Vi m\u00f6ttes i Norrk\u00f6ping och redan efter n\u00e5gra f\u00e5 dagar hade vi lyckats &#8221;hitta&#8221; min sl\u00e4kt s\u00e5 l\u00e5ngt tillbaka som till 1600-talet. Vi bes\u00f6kte ocks\u00e5 orter och platser d\u00e4r mina f\u00f6rf\u00e4der levt och verkat, kyrkog\u00e5rdar d\u00e4r mina f\u00f6rf\u00e4der begravts. Det var en sp\u00e4nnande och givande upplevelse som mer \u00e4n n\u00e5gonsin fick mig att k\u00e4nna starka band till Sverige.<\/p>\n<p>Kanske \u00e4nnu mer sp\u00e4nnande var uppt\u00e4ckten av att Anders och jag p\u00e5 l\u00e5ngt h\u00e5ll faktiskt \u00e4r sl\u00e4kt med varandra. Vi h\u00e4rstammar b\u00e5da fr\u00e5n en och samma f\u00f6rfader, vid namn Anders Qwarfort, som levde under tidigt 1600-tal.<\/p>\n<p>Jag hade stor beh\u00e5llning av att tr\u00e4ffa Anders som \u00e4r nyfiken p\u00e5 och har stora kunskaper om m\u00e5nga olika omr\u00e5den. Jag hade tur som fick tr\u00e4ffa och jobba tillsammans med honom och vi har fortfarande kontakt med varandra. Till alla som vill sp\u00e5ra sina svenska f\u00f6rf\u00e4der, kan jag verkligen rekommendera att ta kontakt med Anders K\u00f6hler<\/p>\n<p>Professor Don Johanson<br \/>\nDirector Institute of Human Origins<br \/>\nBes\u00f6k g\u00e4rna hemsidan f\u00f6r <a href=\"http:\/\/www.becominghuman.org\" target=\"_blank\">Institute of Human Origins<\/a>.<\/p>\n","protected":false},"excerpt":{"rendered":"<p>Jag \u00e4r son till svenska immigranter, har en farbror som var olympisk guldmedalj\u00f6r (Ivar Johansson). Sj\u00e4lvklart har jag sedan l\u00e5ngt tillbaka varit intresserad av att f\u00e5 veta mer om mina svenska f\u00f6rf\u00e4der. F\u00f6r n\u00e5gra \u00e5r sedan blev dr\u00f6mmen verklighet. Jag &hellip; <a href=\"https:\/\/kohlersgts.com\/?page_id=195\">L\u00e4s mer <span class=\"meta-nav\">&rarr;<\/span><\/a><\/p>\n","protected":false},"author":1,"featured_media":0,"parent":2,"menu_order":0,"comment_status":"closed","ping_status":"closed","template":"","meta":{"footnotes":""},"class_list":["post-195","page","type-page","status-publish","hentry"],"_links":{"self":[{"href":"https:\/\/kohlersgts.com\/index.php?rest_route=\/wp\/v2\/pages\/195","targetHints":{"allow":["GET"]}}],"collection":[{"href":"https:\/\/kohlersgts.com\/index.php?rest_route=\/wp\/v2\/pages"}],"about":[{"href":"https:\/\/kohlersgts.com\/index.php?rest_route=\/wp\/v2\/types\/page"}],"author":[{"embeddable":true,"href":"https:\/\/kohlersgts.com\/index.php?rest_route=\/wp\/v2\/users\/1"}],"replies":[{"embeddable":true,"href":"https:\/\/kohlersgts.com\/index.php?rest_route=%2Fwp%2Fv2%2Fcomments&post=195"}],"version-history":[{"count":3,"href":"https:\/\/kohlersgts.com\/index.php?rest_route=\/wp\/v2\/pages\/195\/revisions"}],"predecessor-version":[{"id":199,"href":"https:\/\/kohlersgts.com\/index.php?rest_route=\/wp\/v2\/pages\/195\/revisions\/199"}],"up":[{"embeddable":true,"href":"https:\/\/kohlersgts.com\/index.php?rest_route=\/wp\/v2\/pages\/2"}],"wp:attachment":[{"href":"https:\/\/kohlersgts.com\/index.php?rest_route=%2Fwp%2Fv2%2Fmedia&parent=195"}],"curies":[{"name":"wp","href":"https:\/\/api.w.org\/{rel}","templated":true}]}}